{"id":46,"date":"2026-01-09T06:01:17","date_gmt":"2026-01-09T06:01:17","guid":{"rendered":"https:\/\/as9.fit\/?page_id=46"},"modified":"2026-01-09T06:39:32","modified_gmt":"2026-01-09T06:39:32","slug":"trang-chu","status":"publish","type":"page","link":"https:\/\/as9.fit\/","title":{"rendered":"Trang ch\u1ee7"},"content":{"rendered":"\t<div class=\"img has-hover x md-x lg-x y md-y lg-y\" id=\"image_300758149\">\n\t\t<a class=\"\" href=\"https:\/\/as9.fit\/qc\/1\" target=\"_blank\" rel=\"noopener\" >\t\t\t\t\t\t<div class=\"img-inner dark\" >\n\t\t\t<img loading=\"lazy\" decoding=\"async\" width=\"1020\" height=\"300\" src=\"https:\/\/as9.fit\/wp-content\/uploads\/2026\/01\/AS9.avif\" class=\"attachment-original size-original\" alt=\"AS9\" srcset=\"https:\/\/as9.fit\/wp-content\/uploads\/2026\/01\/AS9.avif 1020w, https:\/\/as9.fit\/wp-content\/uploads\/2026\/01\/AS9-300x88.avif 300w, https:\/\/as9.fit\/wp-content\/uploads\/2026\/01\/AS9-768x226.avif 768w\" sizes=\"auto, (max-width: 1020px) 100vw, 1020px\" \/>\t\t\t\t\t\t\n\t\t\t\t\t<\/div>\n\t\t\t\t\t\t<\/a>\t\t\n<style>\n#image_300758149 {\n  width: 100%;\n}\n<\/style>\n\t<\/div>\n\t\n<div class=\"row\"  id=\"row-396379537\">\n\n\t<div id=\"col-1008763915\" class=\"col small-12 large-12\"  >\n\t\t\t\t<div class=\"col-inner\"  >\n\t\t\t\n\t\t\t\n\t<div id=\"text-1766990846\" class=\"text\">\n\t\t\n<h1 style=\"text-align: center;\"><span style=\"font-family: verdana, geneva, sans-serif; color: #00aae7;\"><a style=\"color: #00aae7;\" href=\"https:\/\/duew5d4neidu5.cloudfront.net\/\" target=\"_blank\" rel=\"noopener\">AS9<\/a> &#8211; C\u1ed5ng game uy t\u00edn ch\u1ea5t l\u01b0\u1ee3ng top 1 Vi\u1ec7t Nam 2026<\/span><\/h1>\n<p><span style=\"font-family: verdana, geneva, sans-serif;\"><strong>AS9 n\u1ec1n t\u1ea3ng gi\u1ea3i tr\u00ed tr\u1ef1c tuy\u1ebfn th\u1ebf h\u1ec7 m\u1edbi<\/strong>\u00a0mang s\u1ee9 m\u1ec7nh t\u1ea1o n\u00ean\u00a0<strong data-start=\"364\" data-end=\"407\">s\u00e2n ch\u01a1i minh b\u1ea1ch \u2013 an to\u00e0n \u2013 \u0111\u1eb3ng c\u1ea5p<\/strong> cho c\u1ed9ng \u0111\u1ed3ng ng\u01b0\u1eddi ch\u01a1i Vi\u1ec7t Nam v\u00e0 khu v\u1ef1c ch\u00e2u \u00c1. V\u1edbi \u0111\u1ecbnh h\u01b0\u1edbng ph\u00e1t tri\u1ec3n b\u1ec1n v\u1eefng, c\u00f4ng ngh\u1ec7 hi\u1ec7n \u0111\u1ea1i v\u00e0 h\u1ec7 th\u1ed1ng tr\u00f2 ch\u01a1i phong ph\u00fa, <strong>AS9<\/strong> <strong data-start=\"548\" data-end=\"556\">com<\/strong>\u00a0t\u1ef1 h\u00e0o l\u00e0\u00a0<strong data-start=\"567\" data-end=\"611\">nh\u00e0 c\u00e1i c\u00e1 c\u01b0\u1ee3c uy t\u00edn h\u00e0ng \u0111\u1ea7u n\u0103m 2026<\/strong>.<\/span><\/p>\n<h2 data-start=\"619\" data-end=\"664\"><span style=\"font-family: verdana, geneva, sans-serif; color: #00aae7;\"><strong data-start=\"625\" data-end=\"664\">Tr\u1ea3i Nghi\u1ec7m Gi\u1ea3i Tr\u00ed Kh\u00f4ng Gi\u1edbi H\u1ea1n<\/strong><\/span><\/h2>\n<p><img loading=\"lazy\" decoding=\"async\" class=\"aligncenter wp-image-71\" src=\"https:\/\/as9.fit\/wp-content\/uploads\/2026\/01\/as9-game.avif\" alt=\"AS9\" width=\"750\" height=\"338\" srcset=\"https:\/\/as9.fit\/wp-content\/uploads\/2026\/01\/as9-game.avif 710w, https:\/\/as9.fit\/wp-content\/uploads\/2026\/01\/as9-game-300x135.avif 300w\" sizes=\"auto, (max-width: 750px) 100vw, 750px\" \/><\/p>\n<p data-start=\"666\" data-end=\"903\"><span style=\"font-family: verdana, geneva, sans-serif;\">T\u1ea1i <strong>AS9<\/strong><b>.com<\/b>, ng\u01b0\u1eddi ch\u01a1i \u0111\u01b0\u1ee3c \u0111\u1eafm m\u00ecnh trong\u00a0<strong data-start=\"711\" data-end=\"740\">h\u01a1n 1000+ tr\u00f2 ch\u01a1i h\u1ea5p d\u1eabn<\/strong>, \u0111\u01b0\u1ee3c cung c\u1ea5p b\u1edfi c\u00e1c th\u01b0\u01a1ng hi\u1ec7u game n\u1ed5i ti\u1ebfng nh\u01b0\u00a0<strong data-start=\"795\" data-end=\"853\">Evolution Gaming, Pragmatic Play, JILI, CQ9, AG Gaming<\/strong>\u2026<\/span><br data-start=\"854\" data-end=\"857\" \/><span style=\"font-family: verdana, geneva, sans-serif;\">B\u1ea1n c\u00f3 th\u1ec3 l\u1ef1a ch\u1ecdn c\u00e1c s\u1ea3nh ch\u01a1i n\u1ed5i b\u1eadt nh\u01b0:<\/span><\/p>\n<ul data-start=\"905\" data-end=\"1372\">\n<li data-start=\"905\" data-end=\"1019\">\n<p data-start=\"907\" data-end=\"1019\"><span style=\"font-family: verdana, geneva, sans-serif;\"><strong>Th\u1ec3 thao:<\/strong>\u00a0C\u1eadp nh\u1eadt h\u00e0ng tr\u0103m k\u00e8o c\u01b0\u1ee3c m\u1ed7i ng\u00e0y, t\u1eeb b\u00f3ng \u0111\u00e1, b\u00f3ng r\u1ed5 \u0111\u1ebfn eSports v\u1edbi t\u1ef7 l\u1ec7 th\u1eafng c\u1ef1c cao.<\/span><\/p>\n<\/li>\n<li data-start=\"1020\" data-end=\"1148\">\n<p data-start=\"1022\" data-end=\"1148\"><span style=\"font-family: verdana, geneva, sans-serif;\"><strong>Casino tr\u1ef1c tuy\u1ebfn:<\/strong>\u00a0Tr\u1ea3i nghi\u1ec7m Baccarat, Blackjack, Roulette, Sicbo v\u1edbi h\u00ecnh \u1ea3nh live tr\u1ef1c ti\u1ebfp, ch\u00e2n th\u1ef1c t\u1eebng gi\u00e2y.<\/span><\/p>\n<\/li>\n<li data-start=\"1149\" data-end=\"1271\">\n<p data-start=\"1151\" data-end=\"1271\"><span style=\"font-family: verdana, geneva, sans-serif;\"><strong>B\u1eafn c\u00e1 3D:<\/strong>\u00a0Hi\u1ec7u \u1ee9ng s\u1ed1ng \u0111\u1ed9ng, \u0111\u1ed3 h\u1ecda c\u1ef1c \u0111\u1ec9nh, d\u1ec5 ch\u01a1i d\u1ec5 tr\u00fang v\u1edbi h\u00e0ng tr\u0103m ph\u1ea7n th\u01b0\u1edfng gi\u00e1 tr\u1ecb.<\/span><\/p>\n<\/li>\n<li data-start=\"562\" data-end=\"649\"><span style=\"font-family: verdana, geneva, sans-serif;\"><strong>Game b\u00e0i 3D:<\/strong> Ti\u1ebfn L\u00ean, M\u1eadu Binh, Ph\u1ecfm, X\u00ec T\u1ed1, Poker\u2026 v\u1edbi lu\u1eadt ch\u01a1i chu\u1ea9n qu\u1ed1c t\u1ebf.<\/span><\/li>\n<li data-start=\"652\" data-end=\"735\"><span style=\"font-family: verdana, geneva, sans-serif;\"><strong>N\u1ed5 h\u0169:<\/strong> H\u00e0ng tr\u0103m ch\u1ee7 \u0111\u1ec1 t\u1eeb c\u1ed5 \u0111i\u1ec3n \u0111\u1ebfn hi\u1ec7n \u0111\u1ea1i, t\u00edch h\u1ee3p jackpot kh\u1ee7ng.<\/span><\/li>\n<li data-start=\"1272\" data-end=\"1372\">\n<p data-start=\"1274\" data-end=\"1372\"><span style=\"font-family: verdana, geneva, sans-serif;\"><strong>X\u1ed5 s\u1ed1 &amp; L\u00f4 \u0111\u1ec1:<\/strong>\u00a0Keno, x\u1ed5 s\u1ed1 3 mi\u1ec1n, t\u1ef7 l\u1ec7 th\u1eafng 1 \u0103n 99 \u2013 c\u01a1 h\u1ed9i \u0111\u1ed5i \u0111\u1eddi ch\u1ec9 v\u1edbi v\u00e0i gi\u00e2y.<\/span><\/p>\n<\/li>\n<li data-start=\"881\" data-end=\"959\"><span style=\"font-family: verdana, geneva, sans-serif;\"><strong>\u0110\u00e1 g\u00e0 tr\u1ef1c tuy\u1ebfn:<\/strong> livestream tr\u1ef1c ti\u1ebfp, c\u00e1 c\u01b0\u1ee3c nhanh ch\u00f3ng, k\u1ecbch t\u00ednh.<\/span><\/li>\n<\/ul>\n<h2 data-start=\"1379\" data-end=\"1427\"><span style=\"font-family: verdana, geneva, sans-serif; color: #00aae7;\"><strong data-start=\"1385\" data-end=\"1427\">C\u00f4ng Ngh\u1ec7 Hi\u1ec7n \u0110\u1ea1i \u2013 B\u1ea3o M\u1eadt Tuy\u1ec7t \u0110\u1ed1i<\/strong><\/span><\/h2>\n<p data-start=\"1429\" data-end=\"1681\"><span style=\"font-family: verdana, geneva, sans-serif;\"><strong data-start=\"1429\" data-end=\"1437\">Nh\u00e0 c\u00e1i AS9 <\/strong>\u1ee9ng d\u1ee5ng\u00a0<strong data-start=\"1447\" data-end=\"1479\">c\u00f4ng ngh\u1ec7 m\u00e3 h\u00f3a SSL 256-bit<\/strong>, \u0111\u1ea3m b\u1ea3o\u00a0<strong data-start=\"1489\" data-end=\"1528\">an to\u00e0n tuy\u1ec7t \u0111\u1ed1i cho m\u1ecdi giao d\u1ecbch<\/strong>.<\/span><br data-start=\"1529\" data-end=\"1532\" \/><span style=\"font-family: verdana, geneva, sans-serif;\">N\u1ec1n t\u1ea3ng ho\u1ea1t \u0111\u1ed9ng m\u01b0\u1ee3t m\u00e0 tr\u00ean\u00a0<strong data-start=\"1564\" data-end=\"1592\">Android, iOS v\u00e0 m\u00e1y t\u00ednh<\/strong>, t\u1ed1i \u01b0u t\u1ed1c \u0111\u1ed9 t\u1ea3i trang d\u01b0\u1edbi\u00a0<strong data-start=\"1623\" data-end=\"1633\">3 gi\u00e2y<\/strong>, gi\u00fap b\u1ea1n ch\u01a1i \u1edf b\u1ea5t c\u1ee9 \u0111\u00e2u \u2013 b\u1ea5t c\u1ee9 l\u00fac n\u00e0o.<\/span><\/p>\n<p data-start=\"1683\" data-end=\"1804\"><span style=\"font-family: verdana, geneva, sans-serif;\">H\u1ec7 th\u1ed1ng h\u1ed7 tr\u1ee3 kh\u00e1ch h\u00e0ng\u00a0<strong data-start=\"1710\" data-end=\"1718\">24\/7<\/strong>, s\u1eb5n s\u00e0ng gi\u1ea3i \u0111\u00e1p m\u1ecdi th\u1eafc m\u1eafc, mang \u0111\u1ebfn tr\u1ea3i nghi\u1ec7m tr\u1ecdn v\u1eb9n v\u00e0 chuy\u00ean nghi\u1ec7p nh\u1ea5t.<\/span><\/p>\n<h2 data-start=\"1811\" data-end=\"1854\"><span style=\"font-family: verdana, geneva, sans-serif; color: #00aae7;\"><strong data-start=\"1817\" data-end=\"1854\">N\u1ea1p R\u00fat Si\u00eau T\u1ed1c \u2013 Minh B\u1ea1ch 100%<\/strong><\/span><\/h2>\n<p data-start=\"1856\" data-end=\"2166\"><span style=\"font-family: verdana, geneva, sans-serif;\">V\u1edbi <strong>AS9<\/strong>, b\u1ea1n kh\u00f4ng c\u1ea7n ch\u1edd \u0111\u1ee3i l\u00e2u \u2013 m\u1ecdi giao d\u1ecbch <strong data-start=\"1912\" data-end=\"1958\">n\u1ea1p\/r\u00fat ti\u1ec1n \u0111\u01b0\u1ee3c x\u1eed l\u00fd ch\u1ec9 trong v\u00e0i ph\u00fat<\/strong>.<\/span><br data-start=\"1959\" data-end=\"1962\" \/><span style=\"font-family: verdana, geneva, sans-serif;\">Nh\u00e0 c\u00e1i h\u1ed7 tr\u1ee3 nhi\u1ec1u ph\u01b0\u01a1ng th\u1ee9c thanh to\u00e1n ph\u1ed5 bi\u1ebfn t\u1ea1i Vi\u1ec7t Nam nh\u01b0\u00a0<strong data-start=\"2032\" data-end=\"2079\">Momo, ZaloPay, ViettelPay, Internet Banking<\/strong>\u00a0v\u00e0\u00a0<strong data-start=\"2083\" data-end=\"2091\">USDT<\/strong>, gi\u00fap qu\u00e1 tr\u00ecnh giao d\u1ecbch di\u1ec5n ra nhanh ch\u00f3ng, an to\u00e0n v\u00e0 thu\u1eadn ti\u1ec7n nh\u1ea5t.<\/span><\/p>\n<h2 data-start=\"2173\" data-end=\"2222\"><span style=\"font-family: verdana, geneva, sans-serif; color: #00aae7;\"><strong data-start=\"2179\" data-end=\"2222\">\u01afu \u0110\u00e3i C\u1ef1c Kh\u1ee7ng \u2013 Nh\u1eadn Th\u01b0\u1edfng Ngay 88K<\/strong><\/span><\/h2>\n<p><img loading=\"lazy\" decoding=\"async\" class=\"aligncenter wp-image-70\" src=\"https:\/\/as9.fit\/wp-content\/uploads\/2026\/01\/as9-km.avif\" alt=\"AS9\" width=\"750\" height=\"338\" srcset=\"https:\/\/as9.fit\/wp-content\/uploads\/2026\/01\/as9-km.avif 710w, https:\/\/as9.fit\/wp-content\/uploads\/2026\/01\/as9-km-300x135.avif 300w\" sizes=\"auto, (max-width: 750px) 100vw, 750px\" \/><\/p>\n<p data-start=\"2224\" data-end=\"2519\"><span style=\"font-family: verdana, geneva, sans-serif;\">\u0110\u1ec3 ch\u00e0o \u0111\u00f3n t\u00e2n th\u00e0nh vi\u00ean, AS9 d\u00e0nh t\u1eb7ng <strong>88K mi\u1ec5n ph\u00ed ngay sau khi \u0111\u0103ng k\u00fd v\u00e0 x\u00e1c th\u1ef1c t\u00e0i kho\u1ea3n<\/strong>, kh\u00f4ng c\u1ea7n n\u1ea1p ti\u1ec1n l\u1ea7n \u0111\u1ea7u.<\/span><br data-start=\"2359\" data-end=\"2362\" \/><span style=\"font-family: verdana, geneva, sans-serif;\">Ngo\u00e0i ra, ng\u01b0\u1eddi ch\u01a1i c\u00f2n \u0111\u01b0\u1ee3c h\u01b0\u1edfng\u00a0<strong data-start=\"2398\" data-end=\"2435\">chu\u1ed7i khuy\u1ebfn m\u00e3i h\u1ea5p d\u1eabn m\u1ed7i ng\u00e0y<\/strong>: th\u01b0\u1edfng n\u1ea1p \u0111\u1ea7u, ho\u00e0n ti\u1ec1n c\u01b0\u1ee3c thua, qu\u00e0 t\u1eb7ng sinh nh\u1eadt v\u00e0 \u01b0u \u0111\u00e3i VIP \u0111\u1ed9c quy\u1ec1n.<\/span><\/p>\n<p data-start=\"3646\" data-end=\"3742\"><span style=\"font-family: verdana, geneva, sans-serif;\">&gt;&gt;&gt; \u0110\u1ebfn v\u1edbi <strong>AS9<\/strong>, b\u1ea1n kh\u00f4ng ch\u1ec9 \u0111\u01b0\u1ee3c gi\u1ea3i tr\u00ed m\u00e0 c\u00f2n c\u00f3 c\u01a1 h\u1ed9i <strong data-start=\"2772\" data-end=\"2821\">tr\u1ea3i nghi\u1ec7m, chi\u1ebfn th\u1eafng v\u00e0 l\u00e0m ch\u1ee7 cu\u1ed9c ch\u01a1i<\/strong> trong m\u1ed9t m\u00f4i tr\u01b0\u1eddng minh b\u1ea1ch, an to\u00e0n v\u00e0 chuy\u00ean nghi\u1ec7p nh\u1ea5t. \u0110\u0103ng k\u00fd ngay t\u1ea1i : <span style=\"color: #00aae7;\"><a style=\"color: #00aae7;\" href=\"https:\/\/as9.fit\/\"><strong>https:\/\/as9.fit\/<\/strong><\/a><\/span> <strong>nh\u1eadn ngay 88K mi\u1ec5n ph\u00ed!<\/strong><\/span><\/p>\n\t\t\n<style>\n#text-1766990846 {\n  color: rgb(0,0,0);\n}\n#text-1766990846 > * {\n  color: rgb(0,0,0);\n}\n<\/style>\n\t<\/div>\n\t\n<div class=\"container section-title-container\" ><h2 class=\"section-title section-title-center\"><b><\/b><span class=\"section-title-main\" style=\"color:#00aae7;\">h\u01af\u1edaNG D\u1eaaN THAM GIA C\u1ed4NG GAME AS9<\/span><b><\/b><\/h2><\/div>\n<div class=\"row\"  id=\"row-1347108494\">\n\n\t<div id=\"col-1049130380\" class=\"col medium-3 small-6 large-3\"  >\n\t\t\t\t<div class=\"col-inner\"  >\n\t\t\t\n\t\t\t\n\t<div class=\"img has-hover x md-x lg-x y md-y lg-y\" id=\"image_1672819664\">\n\t\t<a class=\"\" href=\"https:\/\/as9.fit\/qc\/2\" target=\"_blank\" rel=\"noopener\">\t\t\t\t\t\t<div class=\"img-inner dark\" >\n\t\t\t<img loading=\"lazy\" decoding=\"async\" width=\"706\" height=\"370\" src=\"https:\/\/as9.fit\/wp-content\/uploads\/2026\/01\/huong-dan-dang-ky.png\" class=\"attachment-original size-original\" alt=\"\" srcset=\"https:\/\/as9.fit\/wp-content\/uploads\/2026\/01\/huong-dan-dang-ky.png 706w, https:\/\/as9.fit\/wp-content\/uploads\/2026\/01\/huong-dan-dang-ky-300x157.png 300w\" sizes=\"auto, (max-width: 706px) 100vw, 706px\" \/>\t\t\t\t\t\t\n\t\t\t\t\t<\/div>\n\t\t\t\t\t\t<\/a>\t\t\n<style>\n#image_1672819664 {\n  width: 100%;\n}\n<\/style>\n\t<\/div>\n\t\n\t\t<\/div>\n\t\t\t\t\t<\/div>\n\n\t\n\n\t<div id=\"col-98124579\" class=\"col medium-3 small-6 large-3\"  >\n\t\t\t\t<div class=\"col-inner\"  >\n\t\t\t\n\t\t\t\n\t<div class=\"img has-hover x md-x lg-x y md-y lg-y\" id=\"image_288623365\">\n\t\t<a class=\"\" href=\"https:\/\/as9.fit\/qc\/2\" target=\"_blank\" rel=\"noopener\">\t\t\t\t\t\t<div class=\"img-inner dark\" >\n\t\t\t<img loading=\"lazy\" decoding=\"async\" width=\"706\" height=\"370\" src=\"https:\/\/as9.fit\/wp-content\/uploads\/2026\/01\/huong-dan-dang-nhap.png\" class=\"attachment-original size-original\" alt=\"\" srcset=\"https:\/\/as9.fit\/wp-content\/uploads\/2026\/01\/huong-dan-dang-nhap.png 706w, https:\/\/as9.fit\/wp-content\/uploads\/2026\/01\/huong-dan-dang-nhap-300x157.png 300w\" sizes=\"auto, (max-width: 706px) 100vw, 706px\" \/>\t\t\t\t\t\t\n\t\t\t\t\t<\/div>\n\t\t\t\t\t\t<\/a>\t\t\n<style>\n#image_288623365 {\n  width: 100%;\n}\n<\/style>\n\t<\/div>\n\t\n\t\t<\/div>\n\t\t\t\t\t<\/div>\n\n\t\n\n\t<div id=\"col-140116254\" class=\"col medium-3 small-6 large-3\"  >\n\t\t\t\t<div class=\"col-inner\"  >\n\t\t\t\n\t\t\t\n\t<div class=\"img has-hover x md-x lg-x y md-y lg-y\" id=\"image_1156755081\">\n\t\t<a class=\"\" href=\"https:\/\/as9.fit\/qc\/2\" target=\"_blank\" rel=\"noopener\">\t\t\t\t\t\t<div class=\"img-inner dark\" >\n\t\t\t<img loading=\"lazy\" decoding=\"async\" width=\"706\" height=\"370\" src=\"https:\/\/as9.fit\/wp-content\/uploads\/2026\/01\/huong-dan-nap-tien.png\" class=\"attachment-original size-original\" alt=\"\" srcset=\"https:\/\/as9.fit\/wp-content\/uploads\/2026\/01\/huong-dan-nap-tien.png 706w, https:\/\/as9.fit\/wp-content\/uploads\/2026\/01\/huong-dan-nap-tien-300x157.png 300w\" sizes=\"auto, (max-width: 706px) 100vw, 706px\" \/>\t\t\t\t\t\t\n\t\t\t\t\t<\/div>\n\t\t\t\t\t\t<\/a>\t\t\n<style>\n#image_1156755081 {\n  width: 100%;\n}\n<\/style>\n\t<\/div>\n\t\n\t\t<\/div>\n\t\t\t\t\t<\/div>\n\n\t\n\n\t<div id=\"col-660909005\" class=\"col medium-3 small-6 large-3\"  >\n\t\t\t\t<div class=\"col-inner\"  >\n\t\t\t\n\t\t\t\n\t<div class=\"img has-hover x md-x lg-x y md-y lg-y\" id=\"image_1689458856\">\n\t\t<a class=\"\" href=\"https:\/\/as9.fit\/qc\/2\" target=\"_blank\" rel=\"noopener\">\t\t\t\t\t\t<div class=\"img-inner dark\" >\n\t\t\t<img loading=\"lazy\" decoding=\"async\" width=\"706\" height=\"370\" src=\"https:\/\/as9.fit\/wp-content\/uploads\/2026\/01\/huong-dan-tai-app.png\" class=\"attachment-original size-original\" alt=\"AS9\" srcset=\"https:\/\/as9.fit\/wp-content\/uploads\/2026\/01\/huong-dan-tai-app.png 706w, https:\/\/as9.fit\/wp-content\/uploads\/2026\/01\/huong-dan-tai-app-300x157.png 300w\" sizes=\"auto, (max-width: 706px) 100vw, 706px\" \/>\t\t\t\t\t\t\n\t\t\t\t\t<\/div>\n\t\t\t\t\t\t<\/a>\t\t\n<style>\n#image_1689458856 {\n  width: 100%;\n}\n<\/style>\n\t<\/div>\n\t\n\t\t<\/div>\n\t\t\t\t\t<\/div>\n\n\t\n<\/div>\n\t\t<\/div>\n\t\t\t\t\t<\/div>\n\n\t\n<\/div>\n","protected":false},"excerpt":{"rendered":"","protected":false},"author":1,"featured_media":0,"parent":0,"menu_order":0,"comment_status":"closed","ping_status":"closed","template":"","meta":{"footnotes":""},"class_list":["post-46","page","type-page","status-publish","hentry"],"_links":{"self":[{"href":"https:\/\/as9.fit\/index.php?rest_route=\/wp\/v2\/pages\/46","targetHints":{"allow":["GET"]}}],"collection":[{"href":"https:\/\/as9.fit\/index.php?rest_route=\/wp\/v2\/pages"}],"about":[{"href":"https:\/\/as9.fit\/index.php?rest_route=\/wp\/v2\/types\/page"}],"author":[{"embeddable":true,"href":"https:\/\/as9.fit\/index.php?rest_route=\/wp\/v2\/users\/1"}],"replies":[{"embeddable":true,"href":"https:\/\/as9.fit\/index.php?rest_route=%2Fwp%2Fv2%2Fcomments&post=46"}],"version-history":[{"count":7,"href":"https:\/\/as9.fit\/index.php?rest_route=\/wp\/v2\/pages\/46\/revisions"}],"predecessor-version":[{"id":73,"href":"https:\/\/as9.fit\/index.php?rest_route=\/wp\/v2\/pages\/46\/revisions\/73"}],"wp:attachment":[{"href":"https:\/\/as9.fit\/index.php?rest_route=%2Fwp%2Fv2%2Fmedia&parent=46"}],"curies":[{"name":"wp","href":"https:\/\/api.w.org\/{rel}","templated":true}]}}